{"id":31711,"date":"2026-05-13T13:08:49","date_gmt":"2026-05-13T13:08:49","guid":{"rendered":"https:\/\/karcherpro.shop\/product\/aiper-scuba-se-poolroboter-kabelloser-poolsauger-akku-90-minuten-reinigungszeit-automatische-reinigung-mit-selbsteinparkfunktion-leichter-poolreiniger-ideal-fur-pools-mit-flachem-boden\/"},"modified":"2026-05-13T13:08:50","modified_gmt":"2026-05-13T13:08:50","slug":"aiper-scuba-se-poolroboter-kabelloser-poolsauger-akku-90-minuten-reinigungszeit-automatische-reinigung-mit-selbsteinparkfunktion-leichter-poolreiniger-ideal-fur-pools-mit-flachem-boden","status":"publish","type":"product","link":"https:\/\/karcherpro.shop\/en\/product\/aiper-scuba-se-poolroboter-kabelloser-poolsauger-akku-90-minuten-reinigungszeit-automatische-reinigung-mit-selbsteinparkfunktion-leichter-poolreiniger-ideal-fur-pools-mit-flachem-boden\/","title":{"rendered":"Aiper Scuba SE Poolroboter Akku Kabellos 90 Min Selbsteinparkfunktion Flachboden Leicht"},"content":{"rendered":"<p><strong>Product Overview<\/strong><\/p>\n<ul>\n<li>\n<strong>Marke:<\/strong> AIPER<\/li>\n<li>\n<strong>Modellname:<\/strong> Scuba SE Dunkelgrau<\/li>\n<li>\n<strong>Material:<\/strong> Kunststoff<\/li>\n<li>\n<strong>Farbe:<\/strong> Dunkelgrau<\/li>\n<li>\n<strong>Produktabmessungen:<\/strong> 34,3L x 28B x 17H cm<\/li>\n<\/ul>\n<p><strong>Product Features<\/strong><\/p>\n<ul>\n<li>NEUES HYDRODYNAMISCHES DESIGN: Das Design erm\u00f6glicht es dem Poolroboter, durch Ihren Pool zu gleiten und dabei weniger Energie zu verbrauchen, und diese Energie auf seine Reinigungsf\u00e4higkeiten zu konzentrieren. Der Aiper Poolsauger verwendet 2 Bodenb\u00fcrsten, um Schmutz gr\u00fcndlich zu reinigen und m\u00fchelos Ablagerungen in Ihrem Pool aufzunehmen.<\/li>\n<li>KLEIN, ABER KRAFTVOLL: Der kompakte, aber leistungsstarke poolroboter akku reinigt m\u00fchelos Pools mit vollst\u00e4ndig ebenem Boden ohne Gef\u00e4lle bis zu 80\u33a1 und bietet 90 Minuten erstklassige Reinigung. Nicht geeignet f\u00fcr unebene, schr\u00e4ge oder ovale Pools sowie Becken mit Falten im Liner.<\/li>\n<li>KABELLOS &#038; EINFACH ZU BENUTZEN: Die Aktivierung mit einem Klick erm\u00f6glicht Ihnen v\u00f6llig freie H\u00e4nde. Im Gegensatz zu anderen pool robotersauger ist der poolreiniger komplett kabellos, was bedeutet, dass keine Kabel gewickelt oder verheddert sind. Er ist auch leichter und einfacher zu lagern als kabelgebundene Reiniger.<\/li>\n<li>AUTO-PARKEN: Wenn der Akku schwach ist, wird der poolreiniger bodensauger automatisch in der N\u00e4he des Randes Ihres Pools parken, um ihn einfach abrufen zu k\u00f6nnen, ohne nass zu werden.<\/li>\n<li>SCHNELLE ENTLADUNG: F\u00fcr mehr Tragbarkeit verf\u00fcgt der poolsauger akku nun \u00fcber ein fortschrittliches Wasserablasssystem, das in nur 15 Sekunden bis zu 80% des gespeicherten Wassers ablassen kann. Mit 2 Jahren Garantie und einem sorgenfreien Kundenservice.<\/li>\n<\/ul>\n<p><strong>Product Information<\/strong><\/p>\n<ul>\n<table style=\"margin-bottom:20px\">\n<tbody>\n<tr>\n<td><strong>Betriebsart<\/strong><\/td>\n<td>Batteriebetrieben<\/td>\n<\/tr>\n<tr>\n<td><strong>Besondere Merkmale<\/strong><\/td>\n<td>Kabellos, automatisches Parken, schnelle Entw\u00e4sserung, hydrodynamisches Design, Ein-Klick-Aktivierung<\/td>\n<\/tr>\n<tr>\n<td><strong>Steuerungsart<\/strong><\/td>\n<td>Ber\u00fchren<\/td>\n<\/tr>\n<tr>\n<td><strong>Effizienz<\/strong><\/td>\n<td>Hoher Wirkungsgrad<\/td>\n<\/tr>\n<tr>\n<td><strong>Kapazit\u00e4t Lithium-Akku<\/strong><\/td>\n<td>28,08 Wattstunden<\/td>\n<\/tr>\n<tr>\n<td><strong>Anzahl der Batterien<\/strong><\/td>\n<td>1 Lithium-Ionen Batterien erforderlich (enthalten).<\/td>\n<\/tr>\n<tr>\n<td><strong>Batteriebeschreibung<\/strong><\/td>\n<td>Lithium-Ionen<\/td>\n<\/tr>\n<tr>\n<td><strong>Capacity<\/strong><\/td>\n<td>2 Liter<\/td>\n<\/tr>\n<tr>\n<td><strong>Anzahl der Lithium-Ionen-Zellen<\/strong><\/td>\n<td>3<\/td>\n<\/tr>\n<tr>\n<td><strong>Tragf\u00e4higkeit<\/strong><\/td>\n<td>2 litri<\/td>\n<\/tr>\n<tr>\n<td><strong>Erforderliche Montage<\/strong><\/td>\n<td>Nein<\/td>\n<\/tr>\n<tr>\n<td><strong>Art der Garantie<\/strong><\/td>\n<td>Beschr\u00e4nkt<\/td>\n<\/tr>\n<tr>\n<td><strong>Montageart<\/strong><\/td>\n<td>robotik<\/td>\n<\/tr>\n<tr>\n<td><strong>Material<\/strong><\/td>\n<td>Kunststoff<\/td>\n<\/tr>\n<tr>\n<td><strong>Produktpflegehinweise<\/strong><\/td>\n<td>Nach jedem Gebrauch reinigen und absp\u00fclen, vor der Lagerung vollst\u00e4ndig abtropfen lassen und trocknen.<\/td>\n<\/tr>\n<tr>\n<td><strong>Artikel Abmessungen L x B x H<\/strong><\/td>\n<td>34,3L x 28B x 17H cm<\/td>\n<\/tr>\n<tr>\n<td><strong>Artikelgewicht<\/strong><\/td>\n<td>3,4 Kilogramm<\/td>\n<\/tr>\n<tr>\n<td><strong>Battery Weight<\/strong><\/td>\n<td>192 Gramm<\/td>\n<\/tr>\n<tr>\n<td><strong>Marke<\/strong><\/td>\n<td>AIPER<\/td>\n<\/tr>\n<tr>\n<td><strong>Modellname<\/strong><\/td>\n<td>Scuba SE Dunkelgrau<\/td>\n<\/tr>\n<tr>\n<td><strong>Artikelnummer<\/strong><\/td>\n<td>\u200eScuba SE<\/td>\n<\/tr>\n<tr>\n<td><strong>Modellnummer<\/strong><\/td>\n<td>Scuba SE<\/td>\n<\/tr>\n<tr>\n<td><strong>Anzahl von Einheiten<\/strong><\/td>\n<td>3400.0 gramm<\/td>\n<\/tr>\n<tr>\n<td><strong>Herkunftsland<\/strong><\/td>\n<td>China<\/td>\n<\/tr>\n<tr>\n<td><strong>Artikeltypbezeichnung<\/strong><\/td>\n<td>Automatic Pool Cleaners<\/td>\n<\/tr>\n<tr>\n<td><strong>Hersteller<\/strong><\/td>\n<td>AIPER<\/td>\n<\/tr>\n<tr>\n<td><strong>Amazon Bestseller-Rang<\/strong><\/td>\n<td><\/td>\n<\/tr>\n<tr>\n<td><strong>ASIN<\/strong><\/td>\n<td>B0CPSTX4MD<\/td>\n<\/tr>\n<tr>\n<td><strong>Durchschnittliche Kundenbewertung<\/strong><\/td>\n<td><\/td>\n<\/tr>\n<tr>\n<td><strong>Farbe<\/strong><\/td>\n<td>Dunkelgrau<\/td>\n<\/tr>\n<\/tbody>\n<\/table>\n<\/ul>","protected":false},"excerpt":{"rendered":"<p>Product Overview Marke: AIPER Modellname: Scuba SE Dunkelgrau Material: Kunststoff Farbe: Dunkelgrau Produktabmessungen: 34,3L x 28B x 17H cm Product<\/p>","protected":false},"featured_media":31760,"comment_status":"open","ping_status":"closed","template":"","meta":[],"product_brand":[],"product_cat":[153],"product_tag":[],"class_list":{"0":"post-31711","1":"product","2":"type-product","3":"status-publish","4":"has-post-thumbnail","6":"product_cat-poolreinigungsgeraete","8":"first","9":"instock","10":"shipping-taxable","11":"purchasable","12":"product-type-variable"},"jetpack_sharing_enabled":true,"_links":{"self":[{"href":"https:\/\/karcherpro.shop\/en\/wp-json\/wp\/v2\/product\/31711","targetHints":{"allow":["GET"]}}],"collection":[{"href":"https:\/\/karcherpro.shop\/en\/wp-json\/wp\/v2\/product"}],"about":[{"href":"https:\/\/karcherpro.shop\/en\/wp-json\/wp\/v2\/types\/product"}],"replies":[{"embeddable":true,"href":"https:\/\/karcherpro.shop\/en\/wp-json\/wp\/v2\/comments?post=31711"}],"version-history":[{"count":0,"href":"https:\/\/karcherpro.shop\/en\/wp-json\/wp\/v2\/product\/31711\/revisions"}],"wp:featuredmedia":[{"embeddable":true,"href":"https:\/\/karcherpro.shop\/en\/wp-json\/wp\/v2\/media\/31760"}],"wp:attachment":[{"href":"https:\/\/karcherpro.shop\/en\/wp-json\/wp\/v2\/media?parent=31711"}],"wp:term":[{"taxonomy":"product_brand","embeddable":true,"href":"https:\/\/karcherpro.shop\/en\/wp-json\/wp\/v2\/product_brand?post=31711"},{"taxonomy":"product_cat","embeddable":true,"href":"https:\/\/karcherpro.shop\/en\/wp-json\/wp\/v2\/product_cat?post=31711"},{"taxonomy":"product_tag","embeddable":true,"href":"https:\/\/karcherpro.shop\/en\/wp-json\/wp\/v2\/product_tag?post=31711"}],"curies":[{"name":"wp","href":"https:\/\/api.w.org\/{rel}","templated":true}]}}