{"id":31714,"date":"2026-05-13T13:08:49","date_gmt":"2026-05-13T13:08:49","guid":{"rendered":"https:\/\/karcherpro.shop\/product\/beatbot-2026-neu-sora-10-poolroboter-poolroboter-akku-boden-und-wand-reinigt-wasserlinie-plattformen-25700-lph-saugleistung-smartes-wasserlinien-parken-5l-filterkorb-bis-zu-5-std-laufzeit\/"},"modified":"2026-05-13T13:08:50","modified_gmt":"2026-05-13T13:08:50","slug":"beatbot-2026-neu-sora-10-poolroboter-poolroboter-akku-boden-und-wand-reinigt-wasserlinie-plattformen-25700-lph-saugleistung-smartes-wasserlinien-parken-5l-filterkorb-bis-zu-5-std-laufzeit","status":"publish","type":"product","link":"https:\/\/karcherpro.shop\/en\/product\/beatbot-2026-neu-sora-10-poolroboter-poolroboter-akku-boden-und-wand-reinigt-wasserlinie-plattformen-25700-lph-saugleistung-smartes-wasserlinien-parken-5l-filterkorb-bis-zu-5-std-laufzeit\/","title":{"rendered":"Beatbot Sora 10 Poolroboter Akku Boden Wand Wasserlinie 25700 LPH 5L Filterkorb 5 Std Laufzeit 2026"},"content":{"rendered":"<p><strong>Product Features<\/strong><\/p>\n<ul>\n<li>3-Zonen-Abdeckung &#038; Reinigung von Flachwasserbereichen: Unser Poolreinigungsroboter reinigt Boden, W\u00e4nde &#038; Wasserlinie sowie Plattformen mit einer Wassertiefe ab 30 cm. Beseitigt Bl\u00e4tter, \u00d6lr\u00fcckst\u00e4nde, Algen und andere Verschmutzungen.<\/li>\n<li>Beeindruckende Saugleistung von 25700 LPH: Die HydroBalance-Konstruktion sorgt f\u00fcr eine branchenf\u00fchrende Saugleistung, mit der Bl\u00e4tter, Sand und andere starke Verschmutzungen entfernt werden, ohne dass der Filter verstopft. F\u00fcr Sauberkeit auf Profi-Niveau \u2013 bei jedem Durchgang.<\/li>\n<li>Bis zu 5 Stunden Bodenreinigung: Der leistungsstarke 7800 mAh Akku erm\u00f6glicht die Reinigung auch gro\u00dfer Pools in einem einzigen Durchgang und deckt pro Aufladung bis zu 300 m\u00b2 ab.<\/li>\n<li>Intelligentes Parken an der Wasserlinie: Kehrt am Ende vom Reinigungszyklus automatisch zur Wasserlinie zur\u00fcck, parkt dort und bleibt 10 min lang in dieser Position. M\u00fcheloses Herausholen. Kein schweres Heben. Kein umst\u00e4ndliches Herausfischen.<\/li>\n<li>5 L Fassungsverm\u00f6gen &#038; Filtrierung auf Profi-Niveau: Fasst bis zu 650 Bl\u00e4tter, wodurch das Ger\u00e4t seltener geleert werden muss. Der 150 \u00b5m Filter nimmt den allt\u00e4glichen Schmutz auf, der Feinfilter \u00e0 3 \u00b5m (optional erh\u00e4ltlich) kleinste Partikel.<\/li>\n<li>Intensive Reinigung von Wand &#038; Wasserlinie: Der Sora 10 b\u00fcrstet die Wasserlinie 8 Sekunden lang \u2013 so werden Flecken und Algen gr\u00fcndlich entfernt. Zwei vordere Walzenb\u00fcrsten sorgen bei der Reinigung unterschiedlicher Oberfl\u00e4chen f\u00fcr eine starke Traktion.<\/li>\n<li>Reinigt jede Pooloberfl\u00e4che: Von PVC-Folien und Beton bis hin zu GFK, Mosaikfliesen und PP \u2013 f\u00fcr Aufstell- und Einbaupools jeder Art geeignet. Ein Poolreinigungsroboter f\u00fcr alle Poolarten- und Oberfl\u00e4chen.<\/li>\n<li>App-Steuerung &#038; zwei Verbindungsoptionen: W\u00e4hlen Sie den gew\u00fcnschten Reinigungsmodus aus, starten und stoppen Sie die Reinigung und \u00fcberwachen Sie den Reinigungsstatus. Erm\u00f6glicht durch die Verbindung \u00fcber WLAN mit 5\/2,4G oder Bluetooth zus\u00e4tzliche Bedienfunktionen.<\/li>\n<li>Intelligente Hindernisvermeidung: Die Hinderniserkennung SonicSense erkennt mit einem Ultraschall-Sensor vorne in Echtzeit Hindernisse, die sich im Pool befinden \u2013 dies erm\u00f6glicht die unterbrechungsfreie Navigation und Reinigung.<\/li>\n<li>2 Jahre Rundum-Schutz: Unser Schutzversprechen f\u00fcr Ihre Investition \u2013 damit Sie sich entspannt zur\u00fccklehnen k\u00f6nnen. Der Sora 10 wurde f\u00fcr den dauerhaften Einsatz gebaut \u2013 das zeigen strenge Tests und weltweit 15 Zertifizierungen.<\/li>\n<\/ul>\n<p><strong>Product Information<\/strong><\/p>\n<ul>\n<table style=\"margin-bottom:20px\">\n<tbody>\n<tr>\n<td><strong>Produktabmessungen<\/strong><\/td>\n<td>\u200e43,2 x 38,6 x 26,7 cm<\/td>\n<\/tr>\n<tr>\n<td><strong>Teilenummer<\/strong><\/td>\n<td>\u200eSora 10<\/td>\n<\/tr>\n<tr>\n<td><strong>Antriebsart<\/strong><\/td>\n<td>\u200ehydraulic_powered<\/td>\n<\/tr>\n<tr>\n<td><strong>Hersteller<\/strong><\/td>\n<td>\u200eBeatbot<\/td>\n<\/tr>\n<tr>\n<td><strong>Modellnummer<\/strong><\/td>\n<td>\u200eRCMPM031G-Mint Green<\/td>\n<\/tr>\n<tr>\n<td><strong>ASIN<\/strong><\/td>\n<td>\u200eB0GTM8QY2J<\/td>\n<\/tr>\n<tr>\n<td><strong>Im Angebot von Amazon.de seit<\/strong><\/td>\n<td>23. M\u00e4rz 2026<\/td>\n<\/tr>\n<tr>\n<td><strong>Durchschnittliche Kundenbewertung<\/strong><\/td>\n<td><\/td>\n<\/tr>\n<tr>\n<td><strong>Amazon Bestseller-Rang<\/strong><\/td>\n<td><\/td>\n<\/tr>\n<\/tbody>\n<\/table>\n<\/ul>","protected":false},"excerpt":{"rendered":"<p>Product Features 3-Zonen-Abdeckung &#038; Reinigung von Flachwasserbereichen: Unser Poolreinigungsroboter reinigt Boden, W\u00e4nde &#038; Wasserlinie sowie Plattformen mit einer Wassertiefe ab<\/p>","protected":false},"featured_media":31771,"comment_status":"open","ping_status":"closed","template":"","meta":[],"product_brand":[],"product_cat":[153],"product_tag":[],"class_list":{"0":"post-31714","1":"product","2":"type-product","3":"status-publish","4":"has-post-thumbnail","6":"product_cat-poolreinigungsgeraete","8":"first","9":"instock","10":"shipping-taxable","11":"purchasable","12":"product-type-variable"},"jetpack_sharing_enabled":true,"_links":{"self":[{"href":"https:\/\/karcherpro.shop\/en\/wp-json\/wp\/v2\/product\/31714","targetHints":{"allow":["GET"]}}],"collection":[{"href":"https:\/\/karcherpro.shop\/en\/wp-json\/wp\/v2\/product"}],"about":[{"href":"https:\/\/karcherpro.shop\/en\/wp-json\/wp\/v2\/types\/product"}],"replies":[{"embeddable":true,"href":"https:\/\/karcherpro.shop\/en\/wp-json\/wp\/v2\/comments?post=31714"}],"version-history":[{"count":0,"href":"https:\/\/karcherpro.shop\/en\/wp-json\/wp\/v2\/product\/31714\/revisions"}],"wp:featuredmedia":[{"embeddable":true,"href":"https:\/\/karcherpro.shop\/en\/wp-json\/wp\/v2\/media\/31771"}],"wp:attachment":[{"href":"https:\/\/karcherpro.shop\/en\/wp-json\/wp\/v2\/media?parent=31714"}],"wp:term":[{"taxonomy":"product_brand","embeddable":true,"href":"https:\/\/karcherpro.shop\/en\/wp-json\/wp\/v2\/product_brand?post=31714"},{"taxonomy":"product_cat","embeddable":true,"href":"https:\/\/karcherpro.shop\/en\/wp-json\/wp\/v2\/product_cat?post=31714"},{"taxonomy":"product_tag","embeddable":true,"href":"https:\/\/karcherpro.shop\/en\/wp-json\/wp\/v2\/product_tag?post=31714"}],"curies":[{"name":"wp","href":"https:\/\/api.w.org\/{rel}","templated":true}]}}