{"id":31718,"date":"2026-05-13T13:08:50","date_gmt":"2026-05-13T13:08:50","guid":{"rendered":"https:\/\/karcherpro.shop\/product\/beatbot-2026-neu-sora-70-poolroboter-poolsauger-akku-boden-und-wand-4-in-1-komplettreinigung-25700-lph-smartes-parken-an-der-oberflache-6l-fassungsvermogen-10000-mah-akku-bis-zu-300-m-blau\/"},"modified":"2026-05-13T13:08:50","modified_gmt":"2026-05-13T13:08:50","slug":"beatbot-2026-neu-sora-70-poolroboter-poolsauger-akku-boden-und-wand-4-in-1-komplettreinigung-25700-lph-smartes-parken-an-der-oberflache-6l-fassungsvermogen-10000-mah-akku-bis-zu-300-m-blau","status":"publish","type":"product","link":"https:\/\/karcherpro.shop\/en\/product\/beatbot-2026-neu-sora-70-poolroboter-poolsauger-akku-boden-und-wand-4-in-1-komplettreinigung-25700-lph-smartes-parken-an-der-oberflache-6l-fassungsvermogen-10000-mah-akku-bis-zu-300-m-blau\/","title":{"rendered":"Beatbot Sora 70 Poolroboter Akku 4-in-1 Boden Wand 25700 LPH 6L 10000mAh 300m\u00b2 Blau 2026"},"content":{"rendered":"<p><strong>Product Features<\/strong><\/p>\n<ul>\n<li>Komplette Poolreinigung &#038; Reinigung von Flachwasserzonen auf Profi-Niveau: Unser Poolroboter reinigt Oberfl\u00e4che, Wasserlinie, Boden, W\u00e4nde und Flachwasserzonen mit geringer Wassertiefe ab 20 cm.<\/li>\n<li>Leistungsstarke Oberfl\u00e4chenreinigung: Das branchenweit erste JetPulse-System erzeugt mit zwei Wasserd\u00fcsen vier Wasserstrahlen, die Bl\u00e4tter, Insekten, Pollen und anderen Schmutz an der Oberfl\u00e4che direkt zur Saug\u00f6ffnung leiten \u2013 f\u00fcr eine besonders effiziente Reinigung.<\/li>\n<li>Beeindruckende Saugleistung von 25700 LPH: Die HydroBalance-Konstruktion erm\u00f6glicht eine besonders hohe Saugkraft \u2013 so werden in jedem Durchgang gro\u00dfe Schmutzmengen aufgenommen, ohne dass der Filter verstopft.<\/li>\n<li>Intelligentes Parken an der Oberfl\u00e4che &#038; R\u00fcckkehr auf Tastendruck: Kehrt automatisch an die Oberfl\u00e4che zur\u00fcck, parkt am Beckenrand, l\u00e4sst f\u00fcr leichtes Rausheben das Wasser im Inneren ab und bleibt an der Wasseroberfl\u00e4che. Der R\u00fcckruf erfolgt per Fingertipp in der Beatbot-App.<\/li>\n<li>Reinigt auch gro\u00dfe Pools in einem Durchgang: Ein leistungsstarker Akku von 10000 mAh erm\u00f6glicht unserem Poolreinigungsroboter bis zu 5 Stunden ununterbrochene Bodenreinigung und deckt pro Akkuladung bis zu 300 m\u00b2 ab \u2013 das Ger\u00e4t muss also seltener aufgeladen werden.<\/li>\n<li>Gro\u00dfes Fassungsverm\u00f6gen von 6L: Nimmt bei jedem Durchgang mehr Schmutz auf und muss seltener geleert werden. Der 150 \u00b5m Filter h\u00e4lt allt\u00e4gliche Verschmutzungen effizient zur\u00fcck und sorgt f\u00fcr einen sauberen und klaren Pool.<\/li>\n<li>6 Reinigungsmodi &#038; intelligente Bodenreinigung: Smarte Reinigungsmodi f\u00fcr jeden Reinigungsbedarf \u2013 von der schnellen Kurzreinigung bis zur gr\u00fcndlichen Tiefenreinigung. Optimierte Reinigungswege in S-Form sorgen f\u00fcr eine herausragende Bodenabdeckung mit weniger \u00fcbersehenen Stellen.<\/li>\n<li>App-Steuerung &#038; zwei Verbindungsoptionen: W\u00e4hlen Sie in der Beatbot-App den gew\u00fcnschten Reinigungsmodus aus, \u00fcberwachen Sie die Reinigung und steuern Sie den Poolroboter per Fernbedienungsfunktion \u00fcber die Oberfl\u00e4che. \u00dcber eine stabile Bluetooth-Verbindung l\u00e4sst sich das Ger\u00e4t mit einer gro\u00dfen Reichweite von bis zu 20 Metern steuern.<\/li>\n<li>3 Jahre Rundum-Schutz: Unser Versprechen f\u00fcr Ihre Investition \u2013 damit Sie sich entspannt zur\u00fccklehnen k\u00f6nnen. Der Sora 70 ist f\u00fcr den dauerhaften Einsatz gebaut \u2013 das zeigen strenge Tests und weltweit 15 Zertifizierungen.<\/li>\n<\/ul>\n<p><strong>Product Information<\/strong><\/p>\n<ul>\n<table style=\"margin-bottom:20px\">\n<tbody>\n<tr>\n<td><strong>Produktabmessungen<\/strong><\/td>\n<td>\u200e42,9 x 43,4 x 28,6 cm<\/td>\n<\/tr>\n<tr>\n<td><strong>Teilenummer<\/strong><\/td>\n<td>\u200eRCFPM011<\/td>\n<\/tr>\n<tr>\n<td><strong>Antriebsart<\/strong><\/td>\n<td>\u200ehydraulic_powered<\/td>\n<\/tr>\n<tr>\n<td><strong>Hersteller<\/strong><\/td>\n<td>\u200eBeatbot<\/td>\n<\/tr>\n<tr>\n<td><strong>Modellnummer<\/strong><\/td>\n<td>\u200eRCFPM011<\/td>\n<\/tr>\n<tr>\n<td><strong>ASIN<\/strong><\/td>\n<td>\u200eB0GJZJDPQS<\/td>\n<\/tr>\n<tr>\n<td><strong>Im Angebot von Amazon.de seit<\/strong><\/td>\n<td>27. Januar 2026<\/td>\n<\/tr>\n<tr>\n<td><strong>Durchschnittliche Kundenbewertung<\/strong><\/td>\n<td><\/td>\n<\/tr>\n<tr>\n<td><strong>Amazon Bestseller-Rang<\/strong><\/td>\n<td><\/td>\n<\/tr>\n<\/tbody>\n<\/table>\n<\/ul>","protected":false},"excerpt":{"rendered":"<p>Product Features Komplette Poolreinigung &#038; Reinigung von Flachwasserzonen auf Profi-Niveau: Unser Poolroboter reinigt Oberfl\u00e4che, Wasserlinie, Boden, W\u00e4nde und Flachwasserzonen mit<\/p>","protected":false},"featured_media":31782,"comment_status":"open","ping_status":"closed","template":"","meta":[],"product_brand":[],"product_cat":[153],"product_tag":[],"class_list":{"0":"post-31718","1":"product","2":"type-product","3":"status-publish","4":"has-post-thumbnail","6":"product_cat-poolreinigungsgeraete","8":"first","9":"instock","10":"shipping-taxable","11":"purchasable","12":"product-type-variable"},"jetpack_sharing_enabled":true,"_links":{"self":[{"href":"https:\/\/karcherpro.shop\/en\/wp-json\/wp\/v2\/product\/31718","targetHints":{"allow":["GET"]}}],"collection":[{"href":"https:\/\/karcherpro.shop\/en\/wp-json\/wp\/v2\/product"}],"about":[{"href":"https:\/\/karcherpro.shop\/en\/wp-json\/wp\/v2\/types\/product"}],"replies":[{"embeddable":true,"href":"https:\/\/karcherpro.shop\/en\/wp-json\/wp\/v2\/comments?post=31718"}],"version-history":[{"count":0,"href":"https:\/\/karcherpro.shop\/en\/wp-json\/wp\/v2\/product\/31718\/revisions"}],"wp:featuredmedia":[{"embeddable":true,"href":"https:\/\/karcherpro.shop\/en\/wp-json\/wp\/v2\/media\/31782"}],"wp:attachment":[{"href":"https:\/\/karcherpro.shop\/en\/wp-json\/wp\/v2\/media?parent=31718"}],"wp:term":[{"taxonomy":"product_brand","embeddable":true,"href":"https:\/\/karcherpro.shop\/en\/wp-json\/wp\/v2\/product_brand?post=31718"},{"taxonomy":"product_cat","embeddable":true,"href":"https:\/\/karcherpro.shop\/en\/wp-json\/wp\/v2\/product_cat?post=31718"},{"taxonomy":"product_tag","embeddable":true,"href":"https:\/\/karcherpro.shop\/en\/wp-json\/wp\/v2\/product_tag?post=31718"}],"curies":[{"name":"wp","href":"https:\/\/api.w.org\/{rel}","templated":true}]}}