{"id":31721,"date":"2026-05-13T13:08:50","date_gmt":"2026-05-13T13:08:50","guid":{"rendered":"https:\/\/karcherpro.shop\/product\/gosvor-poolsauger-akku-mit-90-min-laufzeit-3-4-kg-leichtgewicht-poolroboter-einfach-zu-bedienen-selbstparkfunktion-6600-lph-starker-poolreiniger-mit-doppelmotor-ideal-fur-flache-boden-bis-80-m\/"},"modified":"2026-05-13T13:08:50","modified_gmt":"2026-05-13T13:08:50","slug":"gosvor-poolsauger-akku-mit-90-min-laufzeit-3-4-kg-leichtgewicht-poolroboter-einfach-zu-bedienen-selbstparkfunktion-6600-lph-starker-poolreiniger-mit-doppelmotor-ideal-fur-flache-boden-bis-80-m","status":"publish","type":"product","link":"https:\/\/karcherpro.shop\/en\/product\/gosvor-poolsauger-akku-mit-90-min-laufzeit-3-4-kg-leichtgewicht-poolroboter-einfach-zu-bedienen-selbstparkfunktion-6600-lph-starker-poolreiniger-mit-doppelmotor-ideal-fur-flache-boden-bis-80-m\/","title":{"rendered":"Gosvor Poolroboter Akku 90 Min 3,4 kg 6600 LPH Doppelmotor Selbstparkfunktion Flachboden 80m\u00b2"},"content":{"rendered":"<p><strong>Product Overview<\/strong><\/p>\n<ul>\n<li>\n<strong>Marke:<\/strong> Gosvor<\/li>\n<li>\n<strong>Modellname:<\/strong> X1S-GS-DE<\/li>\n<li>\n<strong>Material:<\/strong> Kunststoff<\/li>\n<li>\n<strong>Farbe:<\/strong> Grau<\/li>\n<li>\n<strong>Produktabmessungen:<\/strong> 34,3L x 28B x 17,5H cm<\/li>\n<\/ul>\n<p><strong>Product Features<\/strong><\/p>\n<ul>\n<li>Kraftvolle Doppelreinigung: Zwei Motoren, Doppelb\u00fcrsten und Doppelsaug\u00f6ffnungen garantieren maximale Wendigkeit und eine gr\u00fcndliche Reinigung. Selbst in flachen Pools (Winkel < 15\u00b0) arbeitet der Pool Roboter m\u00fchelos und sammelt zuverl\u00e4ssig Schmutz, Bl\u00e4tter und Ablagerungen ein. Genie\u00dfen Sie einen perfekt sauberen Pool ,ganz ohne eigenen Kraftaufwand<\/li>\n<li>Effiziente Filterung &#038; 2L-Kapazit\u00e4t: Der 180 \u00b5m Filter des kabellosen Poolroboters entfernt zuverl\u00e4ssig Verschmutzungen wie Bl\u00e4tter, Haare, Zweige und Kieselsteine. Der gro\u00dfe 2-Liter-Fangkorb nimmt alles m\u00fchelos auf, das bedeutet weniger h\u00e4ufiges Entleeren. Der Korb ist zudem leicht zu reinigen<\/li>\n<li>Kabellos &#038; 90 Minuten Akku: Schluss mit l\u00e4stigen Kabeln! Unser Poolsauger Akku arbeitet bis zu 90 Minuten und reinigt pro Ladung effizient Pools bis 80 m\u00b2. Genie\u00dfen Sie Ihre Wochenenden mit der Familie, w\u00e4hrend der Roboter die schmutzige Arbeit f\u00fcr Sie erledigt. Mehr Zeit f\u00fcr Entspannung, weniger \u00c4rger mit der Poolpflege<\/li>\n<li>Einfachste Bedienung &#038; Parkfunktion: Die Bedienung erfolgt per Knopfdruck, sodass selbst Anf\u00e4nger die Reinigung m\u00fchelos starten k\u00f6nnen. Dank automatischer Parkfunktion f\u00e4hrt der Pool Staubsauger bei leerem Akku eigenst\u00e4ndig an den Beckenrand und wartet dort auf Abholung. So wird die Poolreinigung zum Kinderspiel und Sie sparen wertvolle Zeit<\/li>\n<li>Gepr\u00fcfte Qualit\u00e4t &#038; Modernes Design: Das str\u00f6mungsg\u00fcnstige Design in bunten Farben setzt optische Akzente. Die IPX8-Zertifizierung garantiert absolute Wasserdichtigkeit und h\u00f6chste Zuverl\u00e4ssigkeit. Wir bieten 2 Jahre Garantie und reibungslosen technischen Support, f\u00fcr Ihre volle Sicherheit und langanhaltende Leistung und Zuverl\u00e4ssigkeit Ihres Poolroboters<\/li>\n<\/ul>\n<p><strong>Product Information<\/strong><\/p>\n<ul>\n<table style=\"margin-bottom:20px\">\n<tbody>\n<tr>\n<td><strong>Betriebsart<\/strong><\/td>\n<td>Batteriebetrieben<\/td>\n<\/tr>\n<tr>\n<td><strong>Besondere Merkmale<\/strong><\/td>\n<td>Rechargeable<\/td>\n<\/tr>\n<tr>\n<td><strong>Steuerungsart<\/strong><\/td>\n<td>Ber\u00fchren<\/td>\n<\/tr>\n<tr>\n<td><strong>Effizienz<\/strong><\/td>\n<td>Effizient, Doppelreinigung, Langsame Reinigung<\/td>\n<\/tr>\n<tr>\n<td><strong>Kapazit\u00e4t Lithium-Akku<\/strong><\/td>\n<td>28,08 Wattstunden<\/td>\n<\/tr>\n<tr>\n<td><strong>Anzahl der Batterien<\/strong><\/td>\n<td>1 Lithium-Ionen Batterien erforderlich (enthalten).<\/td>\n<\/tr>\n<tr>\n<td><strong>Batteriebeschreibung<\/strong><\/td>\n<td>Lithium-Ionen<\/td>\n<\/tr>\n<tr>\n<td><strong>Capacity<\/strong><\/td>\n<td>2 Liter<\/td>\n<\/tr>\n<tr>\n<td><strong>Anzahl der Lithium-Ionen-Zellen<\/strong><\/td>\n<td>3<\/td>\n<\/tr>\n<tr>\n<td><strong>Tragf\u00e4higkeit<\/strong><\/td>\n<td>2 Kilogramm<\/td>\n<\/tr>\n<tr>\n<td><strong>Erforderliche Montage<\/strong><\/td>\n<td>Nein<\/td>\n<\/tr>\n<tr>\n<td><strong>Art der Garantie<\/strong><\/td>\n<td>2 Jahre<\/td>\n<\/tr>\n<tr>\n<td><strong>Montageart<\/strong><\/td>\n<td>robotic<\/td>\n<\/tr>\n<tr>\n<td><strong>Material<\/strong><\/td>\n<td>Kunststoff<\/td>\n<\/tr>\n<tr>\n<td><strong>Artikel Abmessungen L x B x H<\/strong><\/td>\n<td>34,3L x 28B x 17,5H cm<\/td>\n<\/tr>\n<tr>\n<td><strong>Battery Weight<\/strong><\/td>\n<td>190 Gramm<\/td>\n<\/tr>\n<tr>\n<td><strong>Marke<\/strong><\/td>\n<td>Gosvor<\/td>\n<\/tr>\n<tr>\n<td><strong>Modellname<\/strong><\/td>\n<td>X1S-GS-DE<\/td>\n<\/tr>\n<tr>\n<td><strong>Artikelnummer<\/strong><\/td>\n<td>X1S-GS-DE<\/td>\n<\/tr>\n<tr>\n<td><strong>Modellnummer<\/strong><\/td>\n<td>PRX1S<\/td>\n<\/tr>\n<tr>\n<td><strong>Herkunftsland<\/strong><\/td>\n<td>China<\/td>\n<\/tr>\n<tr>\n<td><strong>Artikeltypbezeichnung<\/strong><\/td>\n<td>Automatische Poolreiniger<\/td>\n<\/tr>\n<tr>\n<td><strong>Hersteller<\/strong><\/td>\n<td>Gosvor<\/td>\n<\/tr>\n<tr>\n<td><strong>Amazon Bestseller-Rang<\/strong><\/td>\n<td><\/td>\n<\/tr>\n<tr>\n<td><strong>ASIN<\/strong><\/td>\n<td>B0FYQ17Q11<\/td>\n<\/tr>\n<tr>\n<td><strong>Durchschnittliche Kundenbewertung<\/strong><\/td>\n<td><\/td>\n<\/tr>\n<tr>\n<td><strong>Farbe<\/strong><\/td>\n<td>Grau<\/td>\n<\/tr>\n<\/tbody>\n<\/table>\n<\/ul>","protected":false},"excerpt":{"rendered":"<p>Product Overview Marke: Gosvor Modellname: X1S-GS-DE Material: Kunststoff Farbe: Grau Produktabmessungen: 34,3L x 28B x 17,5H cm Product Features Kraftvolle<\/p>","protected":false},"featured_media":31793,"comment_status":"open","ping_status":"closed","template":"","meta":[],"product_brand":[],"product_cat":[153],"product_tag":[],"class_list":{"0":"post-31721","1":"product","2":"type-product","3":"status-publish","4":"has-post-thumbnail","6":"product_cat-poolreinigungsgeraete","8":"first","9":"instock","10":"shipping-taxable","11":"purchasable","12":"product-type-variable"},"jetpack_sharing_enabled":true,"_links":{"self":[{"href":"https:\/\/karcherpro.shop\/en\/wp-json\/wp\/v2\/product\/31721","targetHints":{"allow":["GET"]}}],"collection":[{"href":"https:\/\/karcherpro.shop\/en\/wp-json\/wp\/v2\/product"}],"about":[{"href":"https:\/\/karcherpro.shop\/en\/wp-json\/wp\/v2\/types\/product"}],"replies":[{"embeddable":true,"href":"https:\/\/karcherpro.shop\/en\/wp-json\/wp\/v2\/comments?post=31721"}],"version-history":[{"count":0,"href":"https:\/\/karcherpro.shop\/en\/wp-json\/wp\/v2\/product\/31721\/revisions"}],"wp:featuredmedia":[{"embeddable":true,"href":"https:\/\/karcherpro.shop\/en\/wp-json\/wp\/v2\/media\/31793"}],"wp:attachment":[{"href":"https:\/\/karcherpro.shop\/en\/wp-json\/wp\/v2\/media?parent=31721"}],"wp:term":[{"taxonomy":"product_brand","embeddable":true,"href":"https:\/\/karcherpro.shop\/en\/wp-json\/wp\/v2\/product_brand?post=31721"},{"taxonomy":"product_cat","embeddable":true,"href":"https:\/\/karcherpro.shop\/en\/wp-json\/wp\/v2\/product_cat?post=31721"},{"taxonomy":"product_tag","embeddable":true,"href":"https:\/\/karcherpro.shop\/en\/wp-json\/wp\/v2\/product_tag?post=31721"}],"curies":[{"name":"wp","href":"https:\/\/api.w.org\/{rel}","templated":true}]}}