{"id":31727,"date":"2026-05-13T13:08:51","date_gmt":"2026-05-13T13:08:51","guid":{"rendered":"https:\/\/karcherpro.shop\/product\/2026-upgrade-poolroboter-kabelloser-poolsauger-akku-mit-120-min-laufzeit-dual-motoren-poolreiniger-selbsteinparkfunktion-tragbar-poolroboter-akku-fur-flache-boden-pools-bis-zu-100-m\/"},"modified":"2026-05-13T13:08:54","modified_gmt":"2026-05-13T13:08:54","slug":"2026-upgrade-poolroboter-kabelloser-poolsauger-akku-mit-120-min-laufzeit-dual-motoren-poolreiniger-selbsteinparkfunktion-tragbar-poolroboter-akku-fur-flache-boden-pools-bis-zu-100-m","status":"publish","type":"product","link":"https:\/\/karcherpro.shop\/en\/product\/2026-upgrade-poolroboter-kabelloser-poolsauger-akku-mit-120-min-laufzeit-dual-motoren-poolreiniger-selbsteinparkfunktion-tragbar-poolroboter-akku-fur-flache-boden-pools-bis-zu-100-m\/","title":{"rendered":"Poolroboter Akku Kabellos 120 Min Dual-Motoren Selbsteinparkfunktion Flachboden 100m\u00b2 Tragbar 2026"},"content":{"rendered":"<p><strong>Product Overview<\/strong><\/p>\n<ul>\n<li>\n<strong>Marke:<\/strong> GAMPLAE<\/li>\n<li>\n<strong>Modellname:<\/strong> ZP0-18<\/li>\n<li>\n<strong>Material:<\/strong> Kunststoff<\/li>\n<li>\n<strong>Farbe:<\/strong> Wei\u00df<\/li>\n<li>\n<strong>Stromquelle:<\/strong> Batteriebetrieben<\/li>\n<\/ul>\n<p><strong>Product Features<\/strong><\/p>\n<ul>\n<li>&#x1f4a7;\u3010Effiziente Kabelloser Poolroboter\u3011Kabelloses Design und problemlos. Keine sperrigen Schl\u00e4uche und Kabelsalat mehr. Mit nur einem Klick aktivieren Sie den poolsauger akku. Genie\u00dfen Sie ein m\u00fcheloses Reinigungserlebnis. Kehren Sie zu dem zur\u00fcck, was wirklich z\u00e4hlt: Zeit mit Familie und Freunden am Pool verbringen.<\/li>\n<li>&#x1f4a7;\u3010Leistungsstarke Saugkraft\u3011Ausgestattet mit leistungsstarken Dual-Drive-Motoren sammelt unser akku poolsauger die meisten Arten von Schmutz, Bl\u00e4ttern und Ablagerungen mit Leichtigkeit. Dieser poolroboter akku verf\u00fcgt \u00fcber zwei B\u00fcrsten, um Ihrem Pool eine gr\u00fcndliche Reinigung zu geben.<\/li>\n<li>&#x1f4a7;\u3010Erh\u00f6hte Akkuleistung\u3011Verabschieden Sie sich von unterbrochenen Poolreinigungssitzungen. Der 5200-mAh-Akku mit hoher Kapazit\u00e4t ben\u00f6tigt nur 3,5 Stunden, um vollst\u00e4ndig aufzuladen, bietet \u00fcber 120 Minuten Reinigungsf\u00e4higkeit und der poolreiniger deckt eine beeindruckende Fl\u00e4che von bis zu 100 m\u00b2 ab.<\/li>\n<li>&#x1f4a7;\u3010Selbstparkf\u00e4higkeit\u3011 Unser poolsauger roboter nutzt fortschrittliche Ber\u00fchrungstechnologie. Der Poolsauger kehrt automatisch um, wenn er eine Wand trifft. Dieser poolsauger bodensauger stoppt automatisch in der N\u00e4he des Randes Ihres Pools, wenn die Batterie schwach ist oder ein Reinigungszyklus abgeschlossen ist. Der mitgelieferte Haken macht das Herausnehmen Ihres pool roboter kabellos einfach, ohne dass Sie nass werden m\u00fcssen.<\/li>\n<li>&#x1f4a7;\u3010Tragbar &#038; Benutzerfreundlich\u3011 Dieser akku poolroboter wiegt nur 3,1 kg, super einfach zu bedienen. Es reinigt Ihren Pool automatisch ohne Aufsicht. Sobald Sie fertig sind, entfernen Sie einfach die Abdeckung und sp\u00fclen Sie den Filter mit einem Wasserschlauch ab. Ohne Schl\u00e4uche oder Dr\u00e4hte ist es einfach zu verstauen.<\/li>\n<\/ul>\n<p><strong>Product Information<\/strong><\/p>\n<ul>\n<table style=\"margin-bottom:20px\">\n<tbody>\n<tr>\n<td><strong>Betriebsart<\/strong><\/td>\n<td>Batteriebetrieben<\/td>\n<\/tr>\n<tr>\n<td><strong>Besondere Merkmale<\/strong><\/td>\n<td>Leicht<\/td>\n<\/tr>\n<tr>\n<td><strong>Steuerungsart<\/strong><\/td>\n<td>Ber\u00fchren<\/td>\n<\/tr>\n<tr>\n<td><strong>Kapazit\u00e4t Lithium-Akku<\/strong><\/td>\n<td>2 Wattstunden<\/td>\n<\/tr>\n<tr>\n<td><strong>Anzahl der Batterien<\/strong><\/td>\n<td>1 Lithium-Ionen Batterien erforderlich (enthalten).<\/td>\n<\/tr>\n<tr>\n<td><strong>Batteriebeschreibung<\/strong><\/td>\n<td>Lithium-Ionen<\/td>\n<\/tr>\n<tr>\n<td><strong>Ladedauer<\/strong><\/td>\n<td>3 Stunden<\/td>\n<\/tr>\n<tr>\n<td><strong>Anzahl der Lithium-Ionen-Zellen<\/strong><\/td>\n<td>1<\/td>\n<\/tr>\n<tr>\n<td><strong>Erforderliche Montage<\/strong><\/td>\n<td>Ja<\/td>\n<\/tr>\n<tr>\n<td><strong>Montageart<\/strong><\/td>\n<td>robotic<\/td>\n<\/tr>\n<tr>\n<td><strong>Material<\/strong><\/td>\n<td>Kunststoff<\/td>\n<\/tr>\n<tr>\n<td><strong>Battery Weight<\/strong><\/td>\n<td>20 Gramm<\/td>\n<\/tr>\n<tr>\n<td><strong>Marke<\/strong><\/td>\n<td>GAMPLAE<\/td>\n<\/tr>\n<tr>\n<td><strong>Modellname<\/strong><\/td>\n<td>ZP0-18<\/td>\n<\/tr>\n<tr>\n<td><strong>Artikelnummer<\/strong><\/td>\n<td>ZP-021<\/td>\n<\/tr>\n<tr>\n<td><strong>Modellnummer<\/strong><\/td>\n<td>ZP0-18<\/td>\n<\/tr>\n<tr>\n<td><strong>Herkunftsland<\/strong><\/td>\n<td>China<\/td>\n<\/tr>\n<tr>\n<td><strong>Hersteller<\/strong><\/td>\n<td>GAMPLAE<\/td>\n<\/tr>\n<tr>\n<td><strong>Amazon Bestseller-Rang<\/strong><\/td>\n<td><\/td>\n<\/tr>\n<tr>\n<td><strong>ASIN<\/strong><\/td>\n<td>B0GGH5GPNT<\/td>\n<\/tr>\n<tr>\n<td><strong>Durchschnittliche Kundenbewertung<\/strong><\/td>\n<td><\/td>\n<\/tr>\n<tr>\n<td><strong>Farbe<\/strong><\/td>\n<td>Wei\u00df<\/td>\n<\/tr>\n<\/tbody>\n<\/table>\n<\/ul>","protected":false},"excerpt":{"rendered":"<p>Product Overview Marke: GAMPLAE Modellname: ZP0-18 Material: Kunststoff Farbe: Wei\u00df Stromquelle: Batteriebetrieben Product Features &#x1f4a7;\u3010Effiziente Kabelloser Poolroboter\u3011Kabelloses Design und problemlos.<\/p>","protected":false},"featured_media":31804,"comment_status":"open","ping_status":"closed","template":"","meta":[],"product_brand":[],"product_cat":[153],"product_tag":[],"class_list":{"0":"post-31727","1":"product","2":"type-product","3":"status-publish","4":"has-post-thumbnail","6":"product_cat-poolreinigungsgeraete","8":"first","9":"instock","10":"shipping-taxable","11":"purchasable","12":"product-type-variable"},"jetpack_sharing_enabled":true,"_links":{"self":[{"href":"https:\/\/karcherpro.shop\/en\/wp-json\/wp\/v2\/product\/31727","targetHints":{"allow":["GET"]}}],"collection":[{"href":"https:\/\/karcherpro.shop\/en\/wp-json\/wp\/v2\/product"}],"about":[{"href":"https:\/\/karcherpro.shop\/en\/wp-json\/wp\/v2\/types\/product"}],"replies":[{"embeddable":true,"href":"https:\/\/karcherpro.shop\/en\/wp-json\/wp\/v2\/comments?post=31727"}],"version-history":[{"count":0,"href":"https:\/\/karcherpro.shop\/en\/wp-json\/wp\/v2\/product\/31727\/revisions"}],"wp:featuredmedia":[{"embeddable":true,"href":"https:\/\/karcherpro.shop\/en\/wp-json\/wp\/v2\/media\/31804"}],"wp:attachment":[{"href":"https:\/\/karcherpro.shop\/en\/wp-json\/wp\/v2\/media?parent=31727"}],"wp:term":[{"taxonomy":"product_brand","embeddable":true,"href":"https:\/\/karcherpro.shop\/en\/wp-json\/wp\/v2\/product_brand?post=31727"},{"taxonomy":"product_cat","embeddable":true,"href":"https:\/\/karcherpro.shop\/en\/wp-json\/wp\/v2\/product_cat?post=31727"},{"taxonomy":"product_tag","embeddable":true,"href":"https:\/\/karcherpro.shop\/en\/wp-json\/wp\/v2\/product_tag?post=31727"}],"curies":[{"name":"wp","href":"https:\/\/api.w.org\/{rel}","templated":true}]}}