{"id":31732,"date":"2026-05-13T13:08:52","date_gmt":"2026-05-13T13:08:52","guid":{"rendered":"https:\/\/karcherpro.shop\/product\/poolroboter-kabellos-poolsauger-akku-40w-power-90-min-laufzeit-saugroboter-pool-mit-doppelfiltersystem-hindernis-uberwindung-fur-ebene-pools-bis-149-reinigt-effektiv-blatter-schlamm\/"},"modified":"2026-05-13T13:08:54","modified_gmt":"2026-05-13T13:08:54","slug":"poolroboter-kabellos-poolsauger-akku-40w-power-90-min-laufzeit-saugroboter-pool-mit-doppelfiltersystem-hindernis-uberwindung-fur-ebene-pools-bis-149-reinigt-effektiv-blatter-schlamm","status":"publish","type":"product","link":"https:\/\/karcherpro.shop\/en\/product\/poolroboter-kabellos-poolsauger-akku-40w-power-90-min-laufzeit-saugroboter-pool-mit-doppelfiltersystem-hindernis-uberwindung-fur-ebene-pools-bis-149-reinigt-effektiv-blatter-schlamm\/","title":{"rendered":"Poolroboter Akku Kabellos 40W 90 Min Doppelfilter Hindernis-\u00dcberwindung Bl\u00e4tter Schlamm 149m\u00b2"},"content":{"rendered":"<p><strong>Product Overview<\/strong><\/p>\n<ul>\n<li>\n<strong>Marke:<\/strong> PoolMr<\/li>\n<li>\n<strong>Material:<\/strong> Kunststoff<\/li>\n<li>\n<strong>Farbe:<\/strong> Gr\u00fcn<\/li>\n<li>\n<strong>Stromquelle:<\/strong> Batteriebetrieben<\/li>\n<li>\n<strong>Besonderes Merkmal:<\/strong> Kabellos (cordless) und Akku (rechargeable)<\/li>\n<\/ul>\n<p><strong>Product Features<\/strong><\/p>\n<ul>\n<li>\u3010Starke Reinigungskraft\u3011Poolroboter f\u00fcr aufstellpool mit 40W-Motor, 1-Zoll-Breitsaug\u00f6ffnung und 30-Gallonen\/min-Filtersystem bietet starke Saugleistung. Er entfernt 2x mehr Schmutz, 3x mehr Laub und 8,5x mehr Sand als herk\u00f6mmliche Ger\u00e4te Halten Sie den Pool stets sauber.<\/li>\n<li>\u3010Upgrade-Filtersystem &#038; R\u00fcckfluss Verhindern\u3011Poolroboter Akku 180\u03bcm-Feinfilter und dichter Schwamm filtern effiziert grobe und feine Partikel \u2013 Reinigungseffizienz um 50 % erh\u00f6ht. Die verbesserte R\u00fcckflussverhinderung h\u00e4lt Schmutz auch beim Herausnehmen sicher im Beh\u00e4lter.<\/li>\n<li>\u301090 Min. Laufzeit &#038; F\u00fcr viele Pooltypen\u3011Pool Roboter Kabellos Der integrierte Hochleistungsakku erm\u00f6glicht bis zu 90 Minuten ununterbrochene Reinigung\u200b und eine Abreichung von bis zu 149 m\u00b2. Deckt damit den Reinigungsbedarf der meisten Aufstellpools und vieler kleiner Einbaupools ab \u2013 ideal f\u00fcr die regelm\u00e4\u00dfige Wartung und die Grundreinigung.<\/li>\n<li>\u3010Smart-Overcome &#038; verst\u00e4rkte Randreinigung\u3011Automatische Poolreiniger \u00dcberwindet m\u00fchelos 5 mm hohe Falten und Abl\u00e4ufe sowie Steigungen bis 15\u00b0. Beim Erreichen der Poolwand schaltet das Ger\u00e4t automatisch in den \u201eBoosted Suction\u201c-Modus, um R\u00e4nder und Ecken mit verst\u00e4rkter Saugkraft gr\u00fcndlich zu reinigen \u2013 f\u00fcr eine l\u00fcckenlose Gesamtabdeckung.<\/li>\n<li>\u3010Auto-Parken &#038; Leichtes Handling\u3011Bei niedrigem Akkustand kehrt der Saugroboter Pool automatisch zum Poolrand zur\u00fcck und parkt dort f\u00fcr die einfache Entnahme. Das Schnellentw\u00e4sserungs-System l\u00e4sst das gesammelte Wasser innerhalb von Sekunden ablaufen, sodass der leichte Roboter bequem getragen und verstaut werden kann. Dadurch wird die Poolpflege bemerkenswert einfach.<\/li>\n<\/ul>\n<p><strong>Product Information<\/strong><\/p>\n<ul>\n<table style=\"margin-bottom:20px\">\n<tbody>\n<tr>\n<td><strong>Betriebsart<\/strong><\/td>\n<td>Batteriebetrieben<\/td>\n<\/tr>\n<tr>\n<td><strong>Besondere Merkmale<\/strong><\/td>\n<td>Kabellos (cordless) und Akku (rechargeable)<\/td>\n<\/tr>\n<tr>\n<td><strong>Steuerungsart<\/strong><\/td>\n<td>App<\/td>\n<\/tr>\n<tr>\n<td><strong>Effizienz<\/strong><\/td>\n<td>Hoch effizient<\/td>\n<\/tr>\n<tr>\n<td><strong>Kapazit\u00e4t Lithium-Akku<\/strong><\/td>\n<td>55,5 Wattstunden<\/td>\n<\/tr>\n<tr>\n<td><strong>Anzahl der Batterien<\/strong><\/td>\n<td>1 Nicht normgerechte(r) Batterie\/Akku Batterien erforderlich (enthalten).<\/td>\n<\/tr>\n<tr>\n<td><strong>Batteriebeschreibung<\/strong><\/td>\n<td>Lithium<\/td>\n<\/tr>\n<tr>\n<td><strong>Anzahl der Lithium-Ionen-Zellen<\/strong><\/td>\n<td>6<\/td>\n<\/tr>\n<tr>\n<td><strong>Tragf\u00e4higkeit<\/strong><\/td>\n<td>141,5 Kilogramm<\/td>\n<\/tr>\n<tr>\n<td><strong>Erforderliche Montage<\/strong><\/td>\n<td>Nein<\/td>\n<\/tr>\n<tr>\n<td><strong>Montageart<\/strong><\/td>\n<td>robotic<\/td>\n<\/tr>\n<tr>\n<td><strong>Farbe<\/strong><\/td>\n<td>Gr\u00fcn<\/td>\n<\/tr>\n<tr>\n<td><strong>Battery Weight<\/strong><\/td>\n<td>305,3 Gramm<\/td>\n<\/tr>\n<tr>\n<td><strong>Marke<\/strong><\/td>\n<td>PoolMr<\/td>\n<\/tr>\n<tr>\n<td><strong>Artikelnummer<\/strong><\/td>\n<td>PoolMr<\/td>\n<\/tr>\n<tr>\n<td><strong>Modellnummer<\/strong><\/td>\n<td>PoolMr<\/td>\n<\/tr>\n<tr>\n<td><strong>Herkunftsland<\/strong><\/td>\n<td>China<\/td>\n<\/tr>\n<tr>\n<td><strong>Hersteller<\/strong><\/td>\n<td>PoolMr<\/td>\n<\/tr>\n<tr>\n<td><strong>Amazon Bestseller-Rang<\/strong><\/td>\n<td><\/td>\n<\/tr>\n<tr>\n<td><strong>ASIN<\/strong><\/td>\n<td>B0GMNSC6ZJ<\/td>\n<\/tr>\n<tr>\n<td><strong>Durchschnittliche Kundenbewertung<\/strong><\/td>\n<td><\/td>\n<\/tr>\n<tr>\n<td><strong>Material<\/strong><\/td>\n<td>Kunststoff<\/td>\n<\/tr>\n<\/tbody>\n<\/table>\n<\/ul>","protected":false},"excerpt":{"rendered":"<p>Product Overview Marke: PoolMr Material: Kunststoff Farbe: Gr\u00fcn Stromquelle: Batteriebetrieben Besonderes Merkmal: Kabellos (cordless) und Akku (rechargeable) Product Features \u3010Starke<\/p>","protected":false},"featured_media":31815,"comment_status":"open","ping_status":"closed","template":"","meta":[],"product_brand":[],"product_cat":[153],"product_tag":[],"class_list":{"0":"post-31732","1":"product","2":"type-product","3":"status-publish","4":"has-post-thumbnail","6":"product_cat-poolreinigungsgeraete","8":"first","9":"instock","10":"shipping-taxable","11":"purchasable","12":"product-type-variable"},"jetpack_sharing_enabled":true,"_links":{"self":[{"href":"https:\/\/karcherpro.shop\/en\/wp-json\/wp\/v2\/product\/31732","targetHints":{"allow":["GET"]}}],"collection":[{"href":"https:\/\/karcherpro.shop\/en\/wp-json\/wp\/v2\/product"}],"about":[{"href":"https:\/\/karcherpro.shop\/en\/wp-json\/wp\/v2\/types\/product"}],"replies":[{"embeddable":true,"href":"https:\/\/karcherpro.shop\/en\/wp-json\/wp\/v2\/comments?post=31732"}],"version-history":[{"count":0,"href":"https:\/\/karcherpro.shop\/en\/wp-json\/wp\/v2\/product\/31732\/revisions"}],"wp:featuredmedia":[{"embeddable":true,"href":"https:\/\/karcherpro.shop\/en\/wp-json\/wp\/v2\/media\/31815"}],"wp:attachment":[{"href":"https:\/\/karcherpro.shop\/en\/wp-json\/wp\/v2\/media?parent=31732"}],"wp:term":[{"taxonomy":"product_brand","embeddable":true,"href":"https:\/\/karcherpro.shop\/en\/wp-json\/wp\/v2\/product_brand?post=31732"},{"taxonomy":"product_cat","embeddable":true,"href":"https:\/\/karcherpro.shop\/en\/wp-json\/wp\/v2\/product_cat?post=31732"},{"taxonomy":"product_tag","embeddable":true,"href":"https:\/\/karcherpro.shop\/en\/wp-json\/wp\/v2\/product_tag?post=31732"}],"curies":[{"name":"wp","href":"https:\/\/api.w.org\/{rel}","templated":true}]}}