{"id":31735,"date":"2026-05-13T13:08:52","date_gmt":"2026-05-13T13:08:52","guid":{"rendered":"https:\/\/karcherpro.shop\/product\/2026-upgrade-s2-poolroboter-doppelfiltration-kabelloser-poolsauger-akku-90-min-automatische-reinigung-mit-selbsteinparkfunktion-dual-motoren-poolreiniger-fur-flache-boden-pools-bis-80-m\/"},"modified":"2026-05-13T13:08:54","modified_gmt":"2026-05-13T13:08:54","slug":"2026-upgrade-s2-poolroboter-doppelfiltration-kabelloser-poolsauger-akku-90-min-automatische-reinigung-mit-selbsteinparkfunktion-dual-motoren-poolreiniger-fur-flache-boden-pools-bis-80-m","status":"publish","type":"product","link":"https:\/\/karcherpro.shop\/en\/product\/2026-upgrade-s2-poolroboter-doppelfiltration-kabelloser-poolsauger-akku-90-min-automatische-reinigung-mit-selbsteinparkfunktion-dual-motoren-poolreiniger-fur-flache-boden-pools-bis-80-m\/","title":{"rendered":"S2 Poolroboter Akku 90 Min Doppelfiltration Dual-Motoren Selbsteinparkfunktion Flachboden 80m\u00b2 2026"},"content":{"rendered":"<p><strong>Product Overview<\/strong><\/p>\n<ul>\n<li>\n<strong>Marke:<\/strong> TALOSBO<\/li>\n<li>\n<strong>Modellname:<\/strong> S2<\/li>\n<li>\n<strong>Material:<\/strong> Kunststoff<\/li>\n<li>\n<strong>Farbe:<\/strong> Schneewei\u00df<\/li>\n<li>\n<strong>Stromquelle:<\/strong> Batteriebetrieben<\/li>\n<\/ul>\n<p><strong>Product Features<\/strong><\/p>\n<ul>\n<li>Hocheffizientes Dual-Filtersystem:Der S2 Poolroboter verwendet ein neu aufger\u00fcstetes Dual-Filtersystem aus 180 \u03bcm Feinfilter + 40 PPI Filterschaum. Dieses zweistufige Filterdesign kann Bl\u00e4tter, Sand und feine Staubpartikel abfangen und die Filtereffizienz effektiv verbessern. Das leistungsstarke Filtersystem macht das Wasser klarer, reduziert Filterverstopfungen und verl\u00e4ngert die Lebensdauer des Filters.<\/li>\n<li>90 Minuten Laufzeit, vollst\u00e4ndige Abdeckung:Dieser kabellose poolsauger verf\u00fcgt \u00fcber einen leistungsstarken Lithium-Akku mit bis zu 90 Minuten Laufzeit und reinigt Poolfl\u00e4chen von ca. 80 m\u00b2 in einem Durchgang. Er ist ideal f\u00fcr Aufstellpools und Pools mit flachem Boden sowie f\u00fcr runde Pools bis 5 m Durchmesser oder ovale und rechteckige Pools \u00e4hnlicher Gr\u00f6\u00dfe. Die Saugleistung bleibt w\u00e4hrend der Reinigung konstant.<\/li>\n<li>Doppelte Antriebskonfiguration &#038; str\u00f6mungsoptimierter Entwurf: Der S2 poolsauger akku verf\u00fcgt \u00fcber doppelten Antriebsmotor, zwei B\u00fcrsten und zwei Saug\u00f6ffnungen, bildet eine effiziente Reinigungsstruktur. Mit 1928 GPH Gesamtabsaugleistung werden Schmutzarten effektiv abgesaugt. Die optimierte Wasserstr\u00f6mung und Geh\u00e4useform senken den Laufwiderstand im Wasser, sorgt f\u00fcr reibungsloses Fahren im Pool.<\/li>\n<li>Intelligentes automatisches Anhalten: Wenn der Reinigungsvorgang abgeschlossen ist oder der Akku fast leer ist, bewegt sich der Poolroboter Akku automatisch an den Poolrand und h\u00e4lt dort an. Mit nur 3 kg Gewicht ist er m\u00fchelos herauszunehmen. Er ist ausgestattet mit einer Schnellladung in nur 2,5 Stunden und erf\u00fcllt so effizient die t\u00e4glichen Reinigungsbed\u00fcrfnisse des Pools.<\/li>\n<li>Transparentes Design: Das transparente Geh\u00e4use des poolsauger erm\u00f6glicht jederzeit die \u00dcberpr\u00fcfung des Schmutzstands im Inneren. Der 2-Liter-Gro\u00dfvolumen-Filtersieb reduziert h\u00e4ufige Reinigungsarbeiten. Der Filter l\u00e4sst sich schnell absp\u00fclen \u2013 die Wartung ist einfach und unkompliziert.<\/li>\n<li>Kabelloses Design &#038; Ein-Tasten-Bedienung: Mit den Vorteilen kabellosen Designs und Ein-Tasten-Bedienung macht der kabelloser Poolsauger Akku S2 Kabelverwicklungen endg\u00fcltig Vergangenheit. Er f\u00e4hrt reibungsloser, l\u00e4uft stabil und effizient. Keine Installation erforderlich \u2013 legen Sie ihn einfach in den Pool und dr\u00fccken Sie den Startknopf, um die vollautomatische Reinigung zu starten.<\/li>\n<\/ul>\n<p><strong>Product Information<\/strong><\/p>\n<ul>\n<table style=\"margin-bottom:20px\">\n<tbody>\n<tr>\n<td><strong>Betriebsart<\/strong><\/td>\n<td>Batteriebetrieben<\/td>\n<\/tr>\n<tr>\n<td><strong>Besondere Merkmale<\/strong><\/td>\n<td>kabellos, selbstreinigend<\/td>\n<\/tr>\n<tr>\n<td><strong>Steuerungsart<\/strong><\/td>\n<td>Ber\u00fchren<\/td>\n<\/tr>\n<tr>\n<td><strong>Effizienz<\/strong><\/td>\n<td>Efficient, High efficiency, Cleaning Efficiency<\/td>\n<\/tr>\n<tr>\n<td><strong>Kapazit\u00e4t Lithium-Akku<\/strong><\/td>\n<td>35,52 Wattstunden<\/td>\n<\/tr>\n<tr>\n<td><strong>Anzahl der Batterien<\/strong><\/td>\n<td>1 Lithium-Ionen Batterien erforderlich (enthalten).<\/td>\n<\/tr>\n<tr>\n<td><strong>Batteriebeschreibung<\/strong><\/td>\n<td>Lithium-Ionen-Akku<\/td>\n<\/tr>\n<tr>\n<td><strong>Ladedauer<\/strong><\/td>\n<td>2,5 Stunden<\/td>\n<\/tr>\n<tr>\n<td><strong>Capacity<\/strong><\/td>\n<td>2 Liter<\/td>\n<\/tr>\n<tr>\n<td><strong>Anzahl der Lithium-Ionen-Zellen<\/strong><\/td>\n<td>3<\/td>\n<\/tr>\n<tr>\n<td><strong>Tragf\u00e4higkeit<\/strong><\/td>\n<td>3,3 Kilogramm<\/td>\n<\/tr>\n<tr>\n<td><strong>Erforderliche Montage<\/strong><\/td>\n<td>Nein<\/td>\n<\/tr>\n<tr>\n<td><strong>Art der Garantie<\/strong><\/td>\n<td>Beschr\u00e4nkt<\/td>\n<\/tr>\n<tr>\n<td><strong>Montageart<\/strong><\/td>\n<td>robotic<\/td>\n<\/tr>\n<tr>\n<td><strong>Farbe<\/strong><\/td>\n<td>Schneewei\u00df<\/td>\n<\/tr>\n<tr>\n<td><strong>Artikelgewicht<\/strong><\/td>\n<td>3,3 Kilogramm<\/td>\n<\/tr>\n<tr>\n<td><strong>Battery Weight<\/strong><\/td>\n<td>312 Gramm<\/td>\n<\/tr>\n<tr>\n<td><strong>Marke<\/strong><\/td>\n<td>TALOSBO<\/td>\n<\/tr>\n<tr>\n<td><strong>Modellname<\/strong><\/td>\n<td>S2<\/td>\n<\/tr>\n<tr>\n<td><strong>Artikelnummer<\/strong><\/td>\n<td>S2<\/td>\n<\/tr>\n<tr>\n<td><strong>Modellnummer<\/strong><\/td>\n<td>S2<\/td>\n<\/tr>\n<tr>\n<td><strong>Anzahl von Einheiten<\/strong><\/td>\n<td>1.0 st\u00fcck<\/td>\n<\/tr>\n<tr>\n<td><strong>Herkunftsland<\/strong><\/td>\n<td>China<\/td>\n<\/tr>\n<tr>\n<td><strong>Hersteller<\/strong><\/td>\n<td>Toua<\/td>\n<\/tr>\n<tr>\n<td><strong>Amazon Bestseller-Rang<\/strong><\/td>\n<td><\/td>\n<\/tr>\n<tr>\n<td><strong>ASIN<\/strong><\/td>\n<td>B0GCBPCPDN<\/td>\n<\/tr>\n<tr>\n<td><strong>Durchschnittliche Kundenbewertung<\/strong><\/td>\n<td><\/td>\n<\/tr>\n<tr>\n<td><strong>Material<\/strong><\/td>\n<td>Kunststoff<\/td>\n<\/tr>\n<\/tbody>\n<\/table>\n<\/ul>","protected":false},"excerpt":{"rendered":"<p>Product Overview Marke: TALOSBO Modellname: S2 Material: Kunststoff Farbe: Schneewei\u00df Stromquelle: Batteriebetrieben Product Features Hocheffizientes Dual-Filtersystem:Der S2 Poolroboter verwendet ein<\/p>","protected":false},"featured_media":31825,"comment_status":"open","ping_status":"closed","template":"","meta":[],"product_brand":[],"product_cat":[153],"product_tag":[],"class_list":{"0":"post-31735","1":"product","2":"type-product","3":"status-publish","4":"has-post-thumbnail","6":"product_cat-poolreinigungsgeraete","8":"first","9":"instock","10":"shipping-taxable","11":"purchasable","12":"product-type-variable"},"jetpack_sharing_enabled":true,"_links":{"self":[{"href":"https:\/\/karcherpro.shop\/en\/wp-json\/wp\/v2\/product\/31735","targetHints":{"allow":["GET"]}}],"collection":[{"href":"https:\/\/karcherpro.shop\/en\/wp-json\/wp\/v2\/product"}],"about":[{"href":"https:\/\/karcherpro.shop\/en\/wp-json\/wp\/v2\/types\/product"}],"replies":[{"embeddable":true,"href":"https:\/\/karcherpro.shop\/en\/wp-json\/wp\/v2\/comments?post=31735"}],"version-history":[{"count":0,"href":"https:\/\/karcherpro.shop\/en\/wp-json\/wp\/v2\/product\/31735\/revisions"}],"wp:featuredmedia":[{"embeddable":true,"href":"https:\/\/karcherpro.shop\/en\/wp-json\/wp\/v2\/media\/31825"}],"wp:attachment":[{"href":"https:\/\/karcherpro.shop\/en\/wp-json\/wp\/v2\/media?parent=31735"}],"wp:term":[{"taxonomy":"product_brand","embeddable":true,"href":"https:\/\/karcherpro.shop\/en\/wp-json\/wp\/v2\/product_brand?post=31735"},{"taxonomy":"product_cat","embeddable":true,"href":"https:\/\/karcherpro.shop\/en\/wp-json\/wp\/v2\/product_cat?post=31735"},{"taxonomy":"product_tag","embeddable":true,"href":"https:\/\/karcherpro.shop\/en\/wp-json\/wp\/v2\/product_tag?post=31735"}],"curies":[{"name":"wp","href":"https:\/\/api.w.org\/{rel}","templated":true}]}}