{"id":31739,"date":"2026-05-13T13:08:53","date_gmt":"2026-05-13T13:08:53","guid":{"rendered":"https:\/\/karcherpro.shop\/product\/2026-neu-talosbo-s2-poolroboter-mit-doppelfiltration-dual-motoren-poolreiniger-kabelloser-poolsauger-akku-mit-90-min-laufzeit-2-5h-ladezeit-selbsteinparkfunktion-fur-flache-boden-pools\/"},"modified":"2026-05-13T13:08:54","modified_gmt":"2026-05-13T13:08:54","slug":"2026-neu-talosbo-s2-poolroboter-mit-doppelfiltration-dual-motoren-poolreiniger-kabelloser-poolsauger-akku-mit-90-min-laufzeit-2-5h-ladezeit-selbsteinparkfunktion-fur-flache-boden-pools","status":"publish","type":"product","link":"https:\/\/karcherpro.shop\/en\/product\/2026-neu-talosbo-s2-poolroboter-mit-doppelfiltration-dual-motoren-poolreiniger-kabelloser-poolsauger-akku-mit-90-min-laufzeit-2-5h-ladezeit-selbsteinparkfunktion-fur-flache-boden-pools\/","title":{"rendered":"Talosbo S2 Poolroboter Akku 90 Min Doppelfiltration Dual-Motoren Selbsteinparkfunktion Flachboden 2026"},"content":{"rendered":"<p><strong>Product Overview<\/strong><\/p>\n<ul>\n<li>\n<strong>Marke:<\/strong> TALOSBO<\/li>\n<li>\n<strong>Modellname:<\/strong> SY-S2-DG-005<\/li>\n<li>\n<strong>Farbe:<\/strong> Grau<\/li>\n<li>\n<strong>Stromquelle:<\/strong> Batteriebetrieben<\/li>\n<li>\n<strong>Artikelgewicht:<\/strong> 3 Kilogramm<\/li>\n<\/ul>\n<p><strong>Product Features<\/strong><\/p>\n<ul>\n<li>Doppelfiltersystem: Der S2 poolroboter verf\u00fcgt \u00fcber ein neu verbessertes Doppelfilterdesign aus 180\u03bcm feinem Filtersieb + 40 PPI Filterschaumstoff. Er f\u00e4ngt Bl\u00e4tter, Sandk\u00f6rner und feinen Staub ab \u2013 das leistungsstarke Filtersystem sorgt f\u00fcr klares Poolwasser.<\/li>\n<li>Doppelte Leistung &#038; 90-min\u00fctige Akkulaufzeit: Der S2 poolsauger ist mit Zwei-Antriebsmotoren, Zwei-B\u00fcrstenk\u00f6pfen und Zwei-Saug\u00f6ffnungen ausgestattet und erreicht eine Gesamt-Saugleistung von 1928 GPH. Er enth\u00e4lt zudem einen hochleistungsf\u00e4higen Lithiumakku mit einer Einzelfahrzeit von bis zu 90 Minuten, der eine einmalige Reinigung von etwa 85 m\u00b2 Poolfl\u00e4che erm\u00f6glicht. Optimiert f\u00fcr Aufstellbecken und Flachbodenbecken.<\/li>\n<li>Str\u00f6mungsoptimierter &#038; transparenter Design: Bei dem poolsauger akku wurde die K\u00f6rperstr\u00f6mung und die Au\u00dfenform optimiert, sodass er im Pool unbehindert gleitet. Das transparente Geh\u00e4use erm\u00f6glicht die \u00dcberpr\u00fcfung des Schmutzaufnahmezustands; der 2L-Filterkorb mit gro\u00dfer Kapazit\u00e4t reduziert h\u00e4ufige Reinigungen, und das Filtersieb l\u00e4sst sich schnell sp\u00fclen.<\/li>\n<li>Intelligentes automatisches Anlegen: Bei abgeschlossener Reinigung oder leerer Batterie legt sich der Poolroboter Akku automatisch am Poolrand an. Mit nur 3 kg Gewicht ist er einfach zu handhaben; die 2,5-st\u00fcndige schnelle Aufladung macht ihn perfekt f\u00fcr die t\u00e4glichen Poolreinigungsbed\u00fcrfnisse.<\/li>\n<li>Kabelloses Design &#038; Ein-Tasten-Betrieb: Dank kabellosem Design und einfachem Ein-Tasten-Betrieb vermeidet der kabelloser Poolsauger Akku Kabelverwirrung, bewegt sich unbehindert und arbeitet ruhig sowie effizient. Keine Installation erforderlich \u2013 lege den Roboter einfach in den Pool und dr\u00fccke den Startknopf f\u00fcr eine vollautomatische Reinigung.<\/li>\n<\/ul>\n<p><strong>Product Information<\/strong><\/p>\n<ul>\n<table style=\"margin-bottom:20px\">\n<tbody>\n<tr>\n<td><strong>Betriebsart<\/strong><\/td>\n<td>Batteriebetrieben<\/td>\n<\/tr>\n<tr>\n<td><strong>Kapazit\u00e4t Lithium-Akku<\/strong><\/td>\n<td>35,52 Wattstunden<\/td>\n<\/tr>\n<tr>\n<td><strong>Anzahl der Batterien<\/strong><\/td>\n<td>1 Lithium-Ionen Batterien erforderlich (enthalten).<\/td>\n<\/tr>\n<tr>\n<td><strong>Capacity<\/strong><\/td>\n<td>2 Liter<\/td>\n<\/tr>\n<tr>\n<td><strong>Anzahl der Lithium-Ionen-Zellen<\/strong><\/td>\n<td>3<\/td>\n<\/tr>\n<tr>\n<td><strong>Erforderliche Montage<\/strong><\/td>\n<td>Nein<\/td>\n<\/tr>\n<tr>\n<td><strong>Farbe<\/strong><\/td>\n<td>Grau<\/td>\n<\/tr>\n<tr>\n<td><strong>Artikelgewicht<\/strong><\/td>\n<td>3 Kilogramm<\/td>\n<\/tr>\n<tr>\n<td><strong>Battery Weight<\/strong><\/td>\n<td>312 Gramm<\/td>\n<\/tr>\n<tr>\n<td><strong>Marke<\/strong><\/td>\n<td>TALOSBO<\/td>\n<\/tr>\n<tr>\n<td><strong>Modellname<\/strong><\/td>\n<td>SY-S2-DG-005<\/td>\n<\/tr>\n<tr>\n<td><strong>Artikelnummer<\/strong><\/td>\n<td>SY-S2-DG-005<\/td>\n<\/tr>\n<tr>\n<td><strong>Modellnummer<\/strong><\/td>\n<td>SY-S2-DG-005<\/td>\n<\/tr>\n<tr>\n<td><strong>Herkunftsland<\/strong><\/td>\n<td>China<\/td>\n<\/tr>\n<tr>\n<td><strong>Hersteller<\/strong><\/td>\n<td>Toua<\/td>\n<\/tr>\n<tr>\n<td><strong>Amazon Bestseller-Rang<\/strong><\/td>\n<td><\/td>\n<\/tr>\n<tr>\n<td><strong>ASIN<\/strong><\/td>\n<td>B0G37F9SN9<\/td>\n<\/tr>\n<tr>\n<td><strong>Durchschnittliche Kundenbewertung<\/strong><\/td>\n<td><\/td>\n<\/tr>\n<\/tbody>\n<\/table>\n<\/ul>","protected":false},"excerpt":{"rendered":"<p>Product Overview Marke: TALOSBO Modellname: SY-S2-DG-005 Farbe: Grau Stromquelle: Batteriebetrieben Artikelgewicht: 3 Kilogramm Product Features Doppelfiltersystem: Der S2 poolroboter verf\u00fcgt<\/p>","protected":false},"featured_media":31837,"comment_status":"open","ping_status":"closed","template":"","meta":[],"product_brand":[],"product_cat":[153],"product_tag":[],"class_list":{"0":"post-31739","1":"product","2":"type-product","3":"status-publish","4":"has-post-thumbnail","6":"product_cat-poolreinigungsgeraete","8":"first","9":"instock","10":"shipping-taxable","11":"purchasable","12":"product-type-variable"},"jetpack_sharing_enabled":true,"_links":{"self":[{"href":"https:\/\/karcherpro.shop\/en\/wp-json\/wp\/v2\/product\/31739","targetHints":{"allow":["GET"]}}],"collection":[{"href":"https:\/\/karcherpro.shop\/en\/wp-json\/wp\/v2\/product"}],"about":[{"href":"https:\/\/karcherpro.shop\/en\/wp-json\/wp\/v2\/types\/product"}],"replies":[{"embeddable":true,"href":"https:\/\/karcherpro.shop\/en\/wp-json\/wp\/v2\/comments?post=31739"}],"version-history":[{"count":0,"href":"https:\/\/karcherpro.shop\/en\/wp-json\/wp\/v2\/product\/31739\/revisions"}],"wp:featuredmedia":[{"embeddable":true,"href":"https:\/\/karcherpro.shop\/en\/wp-json\/wp\/v2\/media\/31837"}],"wp:attachment":[{"href":"https:\/\/karcherpro.shop\/en\/wp-json\/wp\/v2\/media?parent=31739"}],"wp:term":[{"taxonomy":"product_brand","embeddable":true,"href":"https:\/\/karcherpro.shop\/en\/wp-json\/wp\/v2\/product_brand?post=31739"},{"taxonomy":"product_cat","embeddable":true,"href":"https:\/\/karcherpro.shop\/en\/wp-json\/wp\/v2\/product_cat?post=31739"},{"taxonomy":"product_tag","embeddable":true,"href":"https:\/\/karcherpro.shop\/en\/wp-json\/wp\/v2\/product_tag?post=31739"}],"curies":[{"name":"wp","href":"https:\/\/api.w.org\/{rel}","templated":true}]}}