{"id":31748,"date":"2026-05-13T13:08:54","date_gmt":"2026-05-13T13:08:54","guid":{"rendered":"https:\/\/karcherpro.shop\/product\/winny-pool-cleaner-winny-200-poolroboter-poolsauger-kabellos-mit-akku-75-min-laufzeit-fur-aufstellpools-bis-60-m-doppelfiltration-automatisches-parken-kompakt-leicht-transparentes-blau\/"},"modified":"2026-05-13T13:08:56","modified_gmt":"2026-05-13T13:08:56","slug":"winny-pool-cleaner-winny-200-poolroboter-poolsauger-kabellos-mit-akku-75-min-laufzeit-fur-aufstellpools-bis-60-m-doppelfiltration-automatisches-parken-kompakt-leicht-transparentes-blau","status":"publish","type":"product","link":"https:\/\/karcherpro.shop\/en\/product\/winny-pool-cleaner-winny-200-poolroboter-poolsauger-kabellos-mit-akku-75-min-laufzeit-fur-aufstellpools-bis-60-m-doppelfiltration-automatisches-parken-kompakt-leicht-transparentes-blau\/","title":{"rendered":"Winny 200 Poolroboter Akku Kabellos 75 Min Doppelfiltration Auto-Park 60m\u00b2 Kompakt Transparent Blau"},"content":{"rendered":"<p><strong>Product Overview<\/strong><\/p>\n<ul>\n<li>\n<strong>Marke:<\/strong> WINNY POOL CLEANER<\/li>\n<li>\n<strong>Modellname:<\/strong> 2026-Winny 200<\/li>\n<li>\n<strong>Farbe:<\/strong> Transparentes Blau<\/li>\n<li>\n<strong>Stromquelle:<\/strong> Batteriebetrieben<\/li>\n<li>\n<strong>Artikelgewicht:<\/strong> 3,3 Kilogramm<\/li>\n<\/ul>\n<p><strong>Product Features<\/strong><\/p>\n<ul>\n<li>Kabelloser Poolroboter mit leistungsstarkem Akku: Unser Poolroboter arbeitet komplett kabellos mit integriertem Akku (3-4 Stunden Schnellladung) und elegantem transparentem Design f\u00fcr einfache Navigation im Pool<\/li>\n<li>Doppeltes Filtersystem f\u00fcr gr\u00fcndliche Reinigung: Der Poolroboter verwendet ein innovatives Doppelfiltersystem mit 180 \u03bcm Feinnetz und Schaumfilter f\u00fcr energiesparende, effektive Poolreinigung<\/li>\n<li>Automatische Funktionen f\u00fcr einfache Bedienung: Der Poolroboter startet und stoppt automatisch, dockt bei niedrigem Akku selbstst\u00e4ndig an und ist sofort einsatzbereit &#8211; auch f\u00fcr Erstbenutzer<\/li>\n<li>Kraftvolle Saugleistung f\u00fcr die meisten Pooltypen: Der Poolroboter entfernt effektiv typische Verschmutzungen wie Sand, Bl\u00e4tter und kleine Partikel \u2013 selbst bei Neigungen bis zu 15\u00b0. Bei sehr feinen Ablagerungen wie Pollen empfehlen wir regelm\u00e4\u00dfige Wartung<\/li>\n<li>Leichtgewicht mit langer Laufzeit: Mit nur 3,3 kg Gewicht und bis zu 75 Minuten Laufzeit ist dieser Poolroboter besonders einfach zu handhaben und transportieren<\/li>\n<\/ul>\n<p><strong>Product Information<\/strong><\/p>\n<ul>\n<table style=\"margin-bottom:20px\">\n<tbody>\n<tr>\n<td><strong>Betriebsart<\/strong><\/td>\n<td>Batteriebetrieben<\/td>\n<\/tr>\n<tr>\n<td><strong>Steuerungsart<\/strong><\/td>\n<td>Ber\u00fchren<\/td>\n<\/tr>\n<tr>\n<td><strong>Effizienz<\/strong><\/td>\n<td>Energieeffizient und Effektiv<\/td>\n<\/tr>\n<tr>\n<td><strong>Kapazit\u00e4t Lithium-Akku<\/strong><\/td>\n<td>28,47 Wattstunden<\/td>\n<\/tr>\n<tr>\n<td><strong>Anzahl der Batterien<\/strong><\/td>\n<td>1 Lithium-Ionen Batterien erforderlich (enthalten).<\/td>\n<\/tr>\n<tr>\n<td><strong>Anzahl der Lithium-Ionen-Zellen<\/strong><\/td>\n<td>3<\/td>\n<\/tr>\n<tr>\n<td><strong>Erforderliche Montage<\/strong><\/td>\n<td>Nein<\/td>\n<\/tr>\n<tr>\n<td><strong>Montageart<\/strong><\/td>\n<td>robotic<\/td>\n<\/tr>\n<tr>\n<td><strong>Farbe<\/strong><\/td>\n<td>Transparentes Blau<\/td>\n<\/tr>\n<tr>\n<td><strong>Artikelgewicht<\/strong><\/td>\n<td>3,3 Kilogramm<\/td>\n<\/tr>\n<tr>\n<td><strong>Battery Weight<\/strong><\/td>\n<td>160 Gramm<\/td>\n<\/tr>\n<tr>\n<td><strong>Marke<\/strong><\/td>\n<td>WINNY POOL CLEANER<\/td>\n<\/tr>\n<tr>\n<td><strong>Modellname<\/strong><\/td>\n<td>2026-Winny 200<\/td>\n<\/tr>\n<tr>\n<td><strong>Artikelnummer<\/strong><\/td>\n<td>2026-Winny 200<\/td>\n<\/tr>\n<tr>\n<td><strong>Modellnummer<\/strong><\/td>\n<td>2026-Winny 200<\/td>\n<\/tr>\n<tr>\n<td><strong>Anzahl von Einheiten<\/strong><\/td>\n<td>1.0 st\u00fcck<\/td>\n<\/tr>\n<tr>\n<td><strong>Herkunftsland<\/strong><\/td>\n<td>China<\/td>\n<\/tr>\n<tr>\n<td><strong>Hersteller<\/strong><\/td>\n<td>WINNY POOL CLEANER<\/td>\n<\/tr>\n<tr>\n<td><strong>Amazon Bestseller-Rang<\/strong><\/td>\n<td><\/td>\n<\/tr>\n<tr>\n<td><strong>ASIN<\/strong><\/td>\n<td>B0F3XMNYVG<\/td>\n<\/tr>\n<tr>\n<td><strong>Durchschnittliche Kundenbewertung<\/strong><\/td>\n<td><\/td>\n<\/tr>\n<\/tbody>\n<\/table>\n<\/ul>","protected":false},"excerpt":{"rendered":"<p>Product Overview Marke: WINNY POOL CLEANER Modellname: 2026-Winny 200 Farbe: Transparentes Blau Stromquelle: Batteriebetrieben Artikelgewicht: 3,3 Kilogramm Product Features Kabelloser<\/p>","protected":false},"featured_media":31860,"comment_status":"open","ping_status":"closed","template":"","meta":[],"product_brand":[],"product_cat":[153],"product_tag":[],"class_list":{"0":"post-31748","1":"product","2":"type-product","3":"status-publish","4":"has-post-thumbnail","6":"product_cat-poolreinigungsgeraete","8":"first","9":"instock","10":"shipping-taxable","11":"purchasable","12":"product-type-variable"},"jetpack_sharing_enabled":true,"_links":{"self":[{"href":"https:\/\/karcherpro.shop\/en\/wp-json\/wp\/v2\/product\/31748","targetHints":{"allow":["GET"]}}],"collection":[{"href":"https:\/\/karcherpro.shop\/en\/wp-json\/wp\/v2\/product"}],"about":[{"href":"https:\/\/karcherpro.shop\/en\/wp-json\/wp\/v2\/types\/product"}],"replies":[{"embeddable":true,"href":"https:\/\/karcherpro.shop\/en\/wp-json\/wp\/v2\/comments?post=31748"}],"version-history":[{"count":0,"href":"https:\/\/karcherpro.shop\/en\/wp-json\/wp\/v2\/product\/31748\/revisions"}],"wp:featuredmedia":[{"embeddable":true,"href":"https:\/\/karcherpro.shop\/en\/wp-json\/wp\/v2\/media\/31860"}],"wp:attachment":[{"href":"https:\/\/karcherpro.shop\/en\/wp-json\/wp\/v2\/media?parent=31748"}],"wp:term":[{"taxonomy":"product_brand","embeddable":true,"href":"https:\/\/karcherpro.shop\/en\/wp-json\/wp\/v2\/product_brand?post=31748"},{"taxonomy":"product_cat","embeddable":true,"href":"https:\/\/karcherpro.shop\/en\/wp-json\/wp\/v2\/product_cat?post=31748"},{"taxonomy":"product_tag","embeddable":true,"href":"https:\/\/karcherpro.shop\/en\/wp-json\/wp\/v2\/product_tag?post=31748"}],"curies":[{"name":"wp","href":"https:\/\/api.w.org\/{rel}","templated":true}]}}